{"id":16,"date":"2025-04-14T16:04:38","date_gmt":"2025-04-14T16:04:38","guid":{"rendered":"https:\/\/harts.website.tuke.sk\/?page_id=16"},"modified":"2025-07-10T00:46:53","modified_gmt":"2025-07-10T00:46:53","slug":"about","status":"publish","type":"page","link":"https:\/\/harts.website.tuke.sk\/","title":{"rendered":"About"},"content":{"rendered":"\n<p class=\"has-text-align-center has-x-large-font-size\"><mark style=\"background-color:rgba(0, 0, 0, 0);color:#cf2e2e\" class=\"has-inline-color\">H<\/mark>ybrid <mark style=\"background-color:rgba(0, 0, 0, 0);color:#cf2e2e\" class=\"has-inline-color\">A<\/mark>tmospheric <mark style=\"background-color:rgba(0, 0, 0, 0);color:#cf2e2e\" class=\"has-inline-color\">R<\/mark>e-entry <mark style=\"background-color:rgba(0, 0, 0, 0);color:#cf2e2e\" class=\"has-inline-color\">T<\/mark>hermal <mark style=\"background-color:rgba(0, 0, 0, 0);color:#cf2e2e\" class=\"has-inline-color\">S<\/mark>hield<\/p>\n\n\n\n<p class=\"has-medium-font-size\">Two students from the Technical University of Ko\u0161ice, Patrik Rychtar\u010d\u00edk and Luk\u00e1\u0161 Hud\u00e1\u010dek, took part in the 18th ESA Student Aerospace Challenge as team TUKERS. Their project focused on an actively cooled heatshield using cryogenic hydrogen to reduce heat during spacecraft re-entry \u2014 aiming to improve reusability and cut costs.<\/p>\n\n\n\n<p class=\"has-medium-font-size\">Building on their earlier work, <em><a href=\"https:\/\/www.researchgate.net\/publication\/385508153_Active_heatshield_cooling_solutions\">Active Heatshield Cooling Solutions<\/a><\/em>, they were inspired by rocket nozzle cooling and advised by ArianeGroup to develop it further. Their concept showed potential integration into Ariane 6\u2019s carbon-based heatshield.<\/p>\n\n\n\n<p class=\"has-medium-font-size\">Presented at the \u201cSuborbital Day\u201d in Paris, their work won the ArianeGroup Prize for its complete and innovative system design.<\/p>\n\n\n\n<hr class=\"wp-block-separator has-alpha-channel-opacity\"\/>\n\n\n\n<p class=\"has-text-align-center has-large-font-size\">HARTS objective<\/p>\n\n\n\n<div class=\"wp-block-columns is-layout-flex wp-container-core-columns-is-layout-28f84493 wp-block-columns-is-layout-flex\">\n<div class=\"wp-block-column is-layout-flow wp-block-column-is-layout-flow\">\n<p class=\"has-text-align-left has-medium-font-size\">The objective of <strong>HARTS<\/strong> (Hybrid Atmospheric Re-entry Thermal Shielding) is to design and test a novel hybrid heatshield system for atmospheric re-entry applications. <\/p>\n\n\n\n<p class=\"has-text-align-left has-medium-font-size\">The hybrid system integrates active and passive thermal protection methods in an effort to reduce the drawbacks of each system and enhance performance during high-speed atmospheric re-entry. HARTS features two primary units: a Free-Falling Unit (FFU) and a Rocket Mounted Unit (RMU). The FFU is designed to be ejected out of the REXUS rocket by the RMU ejection system. FFU houses the hybrid heatshield itself, and all equipment needed for experiment operation such as thermal sensors and inertial measurement devices to monitor its performance during free fall. <\/p>\n\n\n\n<p class=\"has-text-align-left has-medium-font-size\">The experiment goals are the measurement of aerothermodynamic parameters such as surface temperature and heat flux and test the functionality of a helium cooled temperature regulation layer incorporated into the heatshield structure. All flight data is saved and retrieved by a safe landing using a parachute recovery system and recovered using a satellite-transmitted GNSS positional data. <\/p>\n\n\n\n<p class=\"has-text-align-left has-medium-font-size\">HARTS is a technology demonstrator which aims to prove a concept of non-traditional re-entry system using leftover helium from tank pressurization to increase reusability and lower costs of spaceflight.&nbsp;&nbsp;<\/p>\n<\/div>\n\n\n\n<div class=\"wp-block-column is-layout-flow wp-block-column-is-layout-flow\">\n<figure class=\"wp-block-image aligncenter size-full\"><img loading=\"lazy\" decoding=\"async\" width=\"512\" height=\"512\" src=\"https:\/\/harts.website.tuke.sk\/wp-content\/uploads\/2025\/04\/cropped-HARTS_512x512.png\" alt=\"\" class=\"wp-image-37\" srcset=\"https:\/\/harts.website.tuke.sk\/wp-content\/uploads\/2025\/04\/cropped-HARTS_512x512.png 512w, https:\/\/harts.website.tuke.sk\/wp-content\/uploads\/2025\/04\/cropped-HARTS_512x512-300x300.png 300w, https:\/\/harts.website.tuke.sk\/wp-content\/uploads\/2025\/04\/cropped-HARTS_512x512-150x150.png 150w, https:\/\/harts.website.tuke.sk\/wp-content\/uploads\/2025\/04\/cropped-HARTS_512x512-270x270.png 270w, https:\/\/harts.website.tuke.sk\/wp-content\/uploads\/2025\/04\/cropped-HARTS_512x512-192x192.png 192w, https:\/\/harts.website.tuke.sk\/wp-content\/uploads\/2025\/04\/cropped-HARTS_512x512-180x180.png 180w, https:\/\/harts.website.tuke.sk\/wp-content\/uploads\/2025\/04\/cropped-HARTS_512x512-32x32.png 32w\" sizes=\"auto, (max-width: 512px) 100vw, 512px\" \/><\/figure>\n<\/div>\n<\/div>\n\n\n\n<hr class=\"wp-block-separator has-alpha-channel-opacity\"\/>\n\n\n\n<p class=\"has-text-align-center has-large-font-size\">REXUS\/BEXUS<\/p>\n\n\n\n<div class=\"wp-block-columns are-vertically-aligned-top is-layout-flex wp-container-core-columns-is-layout-28f84493 wp-block-columns-is-layout-flex\">\n<div class=\"wp-block-column is-vertically-aligned-top is-layout-flow wp-block-column-is-layout-flow\">\n<figure class=\"wp-block-image aligncenter size-large is-resized\"><img loading=\"lazy\" decoding=\"async\" width=\"1024\" height=\"1024\" src=\"https:\/\/harts.website.tuke.sk\/wp-content\/uploads\/2025\/04\/REXUS_BEXUS_Logo_noback-1024x1024.png\" alt=\"\" class=\"wp-image-48\" style=\"width:374px;height:auto\" srcset=\"https:\/\/harts.website.tuke.sk\/wp-content\/uploads\/2025\/04\/REXUS_BEXUS_Logo_noback-1024x1024.png 1024w, https:\/\/harts.website.tuke.sk\/wp-content\/uploads\/2025\/04\/REXUS_BEXUS_Logo_noback-300x300.png 300w, https:\/\/harts.website.tuke.sk\/wp-content\/uploads\/2025\/04\/REXUS_BEXUS_Logo_noback-150x150.png 150w, https:\/\/harts.website.tuke.sk\/wp-content\/uploads\/2025\/04\/REXUS_BEXUS_Logo_noback-768x768.png 768w, https:\/\/harts.website.tuke.sk\/wp-content\/uploads\/2025\/04\/REXUS_BEXUS_Logo_noback.png 1217w\" sizes=\"auto, (max-width: 1024px) 100vw, 1024px\" \/><\/figure>\n<\/div>\n\n\n\n<div class=\"wp-block-column is-vertically-aligned-top is-layout-flow wp-block-column-is-layout-flow\">\n<p class=\"has-medium-font-size\">The REXUS\/BEXUS programme is realized under a Bilateral Agency Agreement between the Swedish National Space Agency (SNSA) and the German Aerospace Center (DLR). The Swedish share of the payload has been made available to students from other European countries through a collaboration with the European Space Agency (ESA). [1] EuroLaunch, a cooperation between the Swedish Space Corporation (SSC) and the Mobile Raketenbasis (MORABA) of DLR, is responsible for the campaign management and operations of the launch vehicles. Experts from DLR, SSC, Center of Applied Space Technology and Microgravity (ZARM) and ESA provide technical support to the student teams throughout the project.<strong>&nbsp;<\/strong><\/p>\n<\/div>\n<\/div>\n\n\n\n<hr class=\"wp-block-separator has-alpha-channel-opacity\"\/>\n\n\n\n<h2 class=\"wp-block-heading has-text-align-center has-large-font-size\">Our Mission<\/h2>\n\n\n\n<figure class=\"wp-block-image aligncenter size-full is-resized\"><img loading=\"lazy\" decoding=\"async\" width=\"1024\" height=\"722\" src=\"https:\/\/harts.website.tuke.sk\/wp-content\/uploads\/2025\/07\/FlighTimelineHighRes-1024x722-1.png\" alt=\"\" class=\"wp-image-395\" style=\"aspect-ratio:1.4183130046383783;width:903px;height:auto\" srcset=\"https:\/\/harts.website.tuke.sk\/wp-content\/uploads\/2025\/07\/FlighTimelineHighRes-1024x722-1.png 1024w, https:\/\/harts.website.tuke.sk\/wp-content\/uploads\/2025\/07\/FlighTimelineHighRes-1024x722-1-300x212.png 300w, https:\/\/harts.website.tuke.sk\/wp-content\/uploads\/2025\/07\/FlighTimelineHighRes-1024x722-1-768x542.png 768w\" sizes=\"auto, (max-width: 1024px) 100vw, 1024px\" \/><\/figure>\n","protected":false},"excerpt":{"rendered":"<p>Hybrid Atmospheric Re-entry Thermal Shield Two students from the Technical University of Ko\u0161ice, Patrik Rychtar\u010d\u00edk and Luk\u00e1\u0161 Hud\u00e1\u010dek, took part in the 18th ESA Student Aerospace Challenge as team TUKERS. Their project focused on an actively cooled heatshield using cryogenic hydrogen to reduce heat during spacecraft re-entry \u2014 aiming to improve reusability and cut costs. [&hellip;]<\/p>\n","protected":false},"author":1,"featured_media":0,"parent":0,"menu_order":0,"comment_status":"closed","ping_status":"closed","template":"","meta":{"editor_plus_copied_stylings":"{}","footnotes":""},"class_list":["post-16","page","type-page","status-publish","hentry"],"blocksy_meta":[],"_links":{"self":[{"href":"https:\/\/harts.website.tuke.sk\/index.php?rest_route=\/wp\/v2\/pages\/16","targetHints":{"allow":["GET"]}}],"collection":[{"href":"https:\/\/harts.website.tuke.sk\/index.php?rest_route=\/wp\/v2\/pages"}],"about":[{"href":"https:\/\/harts.website.tuke.sk\/index.php?rest_route=\/wp\/v2\/types\/page"}],"author":[{"embeddable":true,"href":"https:\/\/harts.website.tuke.sk\/index.php?rest_route=\/wp\/v2\/users\/1"}],"replies":[{"embeddable":true,"href":"https:\/\/harts.website.tuke.sk\/index.php?rest_route=%2Fwp%2Fv2%2Fcomments&post=16"}],"version-history":[{"count":12,"href":"https:\/\/harts.website.tuke.sk\/index.php?rest_route=\/wp\/v2\/pages\/16\/revisions"}],"predecessor-version":[{"id":404,"href":"https:\/\/harts.website.tuke.sk\/index.php?rest_route=\/wp\/v2\/pages\/16\/revisions\/404"}],"wp:attachment":[{"href":"https:\/\/harts.website.tuke.sk\/index.php?rest_route=%2Fwp%2Fv2%2Fmedia&parent=16"}],"curies":[{"name":"wp","href":"https:\/\/api.w.org\/{rel}","templated":true}]}}