{"id":20,"date":"2025-04-14T16:05:44","date_gmt":"2025-04-14T16:05:44","guid":{"rendered":"https:\/\/harts.website.tuke.sk\/?page_id=20"},"modified":"2025-10-20T00:03:42","modified_gmt":"2025-10-20T00:03:42","slug":"team","status":"publish","type":"page","link":"https:\/\/harts.website.tuke.sk\/?page_id=20","title":{"rendered":"The Team"},"content":{"rendered":"\n<p class=\" has-text-align-center has-x-large-font-size eplus-wrapper\">The team<\/p>\n\n\n<div class=\"wp-block-columns eplus-wrapper is-layout-flex wp-container-core-columns-is-layout-28f84493 wp-block-columns-is-layout-flex eplus-styles-uid-078be6\">\n<div class=\"wp-block-column eplus-wrapper is-layout-flow wp-block-column-is-layout-flow\"><div class=\"wp-block-columns eplus-wrapper is-layout-flex wp-container-core-columns-is-layout-28f84493 wp-block-columns-is-layout-flex eplus-styles-uid-5f6580\">\n<div class=\"wp-block-column eplus-wrapper is-layout-flow wp-block-column-is-layout-flow\">\n<figure class=\" wp-block-image size-large eplus-wrapper\"><img loading=\"lazy\" decoding=\"async\" width=\"768\" height=\"1024\" src=\"https:\/\/harts.website.tuke.sk\/wp-content\/uploads\/2025\/04\/veducko-768x1024.jpg\" alt=\"\" class=\"wp-image-73\" style=\"aspect-ratio:3\/4;object-fit:cover\" srcset=\"https:\/\/harts.website.tuke.sk\/wp-content\/uploads\/2025\/04\/veducko-768x1024.jpg 768w, https:\/\/harts.website.tuke.sk\/wp-content\/uploads\/2025\/04\/veducko-225x300.jpg 225w, https:\/\/harts.website.tuke.sk\/wp-content\/uploads\/2025\/04\/veducko-1152x1536.jpg 1152w, https:\/\/harts.website.tuke.sk\/wp-content\/uploads\/2025\/04\/veducko.jpg 1200w\" sizes=\"auto, (max-width: 768px) 100vw, 768px\" \/><\/figure>\n<\/div>\n\n\n\n<div class=\"wp-block-column eplus-wrapper is-layout-flow wp-block-column-is-layout-flow\">\n<p class=\" has-large-font-size eplus-wrapper\"><strong>Patrik Rychtar\u010d\u00edk<\/strong><\/p>\n\n\n\n<p class=\" eplus-wrapper\"><em>Project Manager \u2013 Faculty of Aeronautics<\/em><br>Leads the project, coordinates with REXUS\/BEXUS and Team FENRIR, handles thermal design, outreach, and sponsorships. 3rd-year Aerospace Engineering student.<\/p>\n<\/div>\n<\/div><\/div>\n\n\n\n<div class=\"wp-block-column eplus-wrapper is-layout-flow wp-block-column-is-layout-flow\"><div class=\"wp-block-columns eplus-wrapper is-layout-flex wp-container-core-columns-is-layout-28f84493 wp-block-columns-is-layout-flex eplus-styles-uid-03c0e6\">\n<div class=\"wp-block-column eplus-wrapper is-layout-flow wp-block-column-is-layout-flow\">\n<p class=\" has-text-align-right has-large-font-size eplus-wrapper\"><strong>Luk\u00e1\u0161 Hud\u00e1\u010dek<\/strong><\/p>\n\n\n\n<p class=\" has-text-align-right eplus-wrapper\"><em>Outreach Lead \u2013 Faculty of Aeronautics<\/em><br>Supports project management, leads outreach, manages sponsor and partner relations. 4rd-year Aerospace Engineering student.<\/p>\n<\/div>\n\n\n\n<div class=\"wp-block-column eplus-wrapper is-layout-flow wp-block-column-is-layout-flow\">\n<figure class=\" wp-block-image size-large eplus-wrapper\"><img loading=\"lazy\" decoding=\"async\" width=\"895\" height=\"1024\" src=\"https:\/\/harts.website.tuke.sk\/wp-content\/uploads\/2025\/04\/sekretarka-895x1024.jpg\" alt=\"\" class=\"wp-image-71\" style=\"aspect-ratio:3\/4;object-fit:cover\" srcset=\"https:\/\/harts.website.tuke.sk\/wp-content\/uploads\/2025\/04\/sekretarka-895x1024.jpg 895w, https:\/\/harts.website.tuke.sk\/wp-content\/uploads\/2025\/04\/sekretarka-262x300.jpg 262w, https:\/\/harts.website.tuke.sk\/wp-content\/uploads\/2025\/04\/sekretarka-768x879.jpg 768w, https:\/\/harts.website.tuke.sk\/wp-content\/uploads\/2025\/04\/sekretarka-1342x1536.jpg 1342w, https:\/\/harts.website.tuke.sk\/wp-content\/uploads\/2025\/04\/sekretarka.jpg 1398w\" sizes=\"auto, (max-width: 895px) 100vw, 895px\" \/><\/figure>\n<\/div>\n<\/div><\/div>\n<\/div>\n\n<div class=\"wp-block-columns eplus-wrapper is-layout-flex wp-container-core-columns-is-layout-28f84493 wp-block-columns-is-layout-flex eplus-styles-uid-d8cf40\">\n<div class=\"wp-block-column eplus-wrapper is-layout-flow wp-block-column-is-layout-flow\"><div class=\"wp-block-columns eplus-wrapper is-layout-flex wp-container-core-columns-is-layout-28f84493 wp-block-columns-is-layout-flex eplus-styles-uid-2ea0fb\">\n<div class=\"wp-block-column eplus-wrapper is-layout-flow wp-block-column-is-layout-flow\">\n<p class=\" has-text-align-right has-large-font-size eplus-wrapper\"><strong>Emanuel Ungero<\/strong><\/p>\n\n\n\n<p class=\" has-text-align-right eplus-wrapper\"><em>Mechanical Lead \u2013 Faculty of Mechanical Engineering<\/em><br>Heads mechanical design and team coordination. 2st-year master\u2019s in Transport Technology and Logistics.<\/p>\n<\/div>\n\n\n\n<div class=\"wp-block-column eplus-wrapper is-layout-flow wp-block-column-is-layout-flow\">\n<figure class=\" wp-block-image size-full eplus-wrapper\"><img loading=\"lazy\" decoding=\"async\" width=\"502\" height=\"579\" src=\"https:\/\/harts.website.tuke.sk\/wp-content\/uploads\/2025\/04\/emo-1.jpg\" alt=\"\" class=\"wp-image-74\" style=\"aspect-ratio:3\/4;object-fit:cover\" srcset=\"https:\/\/harts.website.tuke.sk\/wp-content\/uploads\/2025\/04\/emo-1.jpg 502w, https:\/\/harts.website.tuke.sk\/wp-content\/uploads\/2025\/04\/emo-1-260x300.jpg 260w\" sizes=\"auto, (max-width: 502px) 100vw, 502px\" \/><\/figure>\n<\/div>\n<\/div><\/div>\n\n\n\n<div class=\"wp-block-column eplus-wrapper is-layout-flow wp-block-column-is-layout-flow\"><div class=\"wp-block-columns eplus-wrapper is-layout-flex wp-container-core-columns-is-layout-28f84493 wp-block-columns-is-layout-flex eplus-styles-uid-baef4a\">\n<div class=\"wp-block-column eplus-wrapper is-layout-flow wp-block-column-is-layout-flow\">\n<figure class=\" wp-block-image size-large eplus-wrapper\"><img loading=\"lazy\" decoding=\"async\" width=\"683\" height=\"1024\" src=\"https:\/\/harts.website.tuke.sk\/wp-content\/uploads\/2025\/04\/barbora-683x1024.png\" alt=\"\" class=\"wp-image-65\" style=\"aspect-ratio:3\/4;object-fit:cover\" srcset=\"https:\/\/harts.website.tuke.sk\/wp-content\/uploads\/2025\/04\/barbora-683x1024.png 683w, https:\/\/harts.website.tuke.sk\/wp-content\/uploads\/2025\/04\/barbora-200x300.png 200w, https:\/\/harts.website.tuke.sk\/wp-content\/uploads\/2025\/04\/barbora-768x1151.png 768w, https:\/\/harts.website.tuke.sk\/wp-content\/uploads\/2025\/04\/barbora-1025x1536.png 1025w, https:\/\/harts.website.tuke.sk\/wp-content\/uploads\/2025\/04\/barbora.png 1366w\" sizes=\"auto, (max-width: 683px) 100vw, 683px\" \/><\/figure>\n<\/div>\n\n\n\n<div class=\"wp-block-column eplus-wrapper is-layout-flow wp-block-column-is-layout-flow\">\n<p class=\" has-large-font-size eplus-wrapper\"><strong>Barbora Stupavsk\u00e1<\/strong><\/p>\n\n\n\n<p class=\" eplus-wrapper\"><em>Mechanical \u2013 Faculty of Mechanical Engineering<\/em><br>Works on the electrical design of the Free-Falling Unit. 3nd-year Mechanical Engineering student.<\/p>\n<\/div>\n<\/div><\/div>\n<\/div>\n\n<div class=\"wp-block-columns eplus-wrapper is-layout-flex wp-container-core-columns-is-layout-28f84493 wp-block-columns-is-layout-flex eplus-styles-uid-b20443\">\n<div class=\"wp-block-column eplus-wrapper is-layout-flow wp-block-column-is-layout-flow\"><div class=\"wp-block-columns eplus-wrapper is-layout-flex wp-container-core-columns-is-layout-28f84493 wp-block-columns-is-layout-flex eplus-styles-uid-f5e74e\">\n<div class=\"wp-block-column eplus-wrapper is-layout-flow wp-block-column-is-layout-flow\">\n<figure class=\" wp-block-image size-full eplus-wrapper\"><img loading=\"lazy\" decoding=\"async\" width=\"963\" height=\"966\" src=\"https:\/\/harts.website.tuke.sk\/wp-content\/uploads\/2025\/04\/ano.png\" alt=\"\" class=\"wp-image-64\" style=\"aspect-ratio:3\/4;object-fit:cover\" srcset=\"https:\/\/harts.website.tuke.sk\/wp-content\/uploads\/2025\/04\/ano.png 963w, https:\/\/harts.website.tuke.sk\/wp-content\/uploads\/2025\/04\/ano-300x300.png 300w, https:\/\/harts.website.tuke.sk\/wp-content\/uploads\/2025\/04\/ano-150x150.png 150w, https:\/\/harts.website.tuke.sk\/wp-content\/uploads\/2025\/04\/ano-768x770.png 768w\" sizes=\"auto, (max-width: 963px) 100vw, 963px\" \/><\/figure>\n<\/div>\n\n\n\n<div class=\"wp-block-column eplus-wrapper is-layout-flow wp-block-column-is-layout-flow\">\n<p class=\" has-large-font-size eplus-wrapper\"><strong>Sebasti\u00e1n Hud\u00e1k<\/strong><\/p>\n\n\n\n<p class=\" eplus-wrapper\"><em>Mechanical \u2013 Faculty of Mechanical Engineering<\/em><br>Develops the recovery system and RMU rail design. 3nd-year Mechanical Engineering student.<\/p>\n<\/div>\n<\/div><\/div>\n\n\n\n<div class=\"wp-block-column eplus-wrapper is-layout-flow wp-block-column-is-layout-flow\"><div class=\"wp-block-columns eplus-wrapper is-layout-flex wp-container-core-columns-is-layout-28f84493 wp-block-columns-is-layout-flex eplus-styles-uid-d8bd6e\">\n<div class=\"wp-block-column eplus-wrapper is-layout-flow wp-block-column-is-layout-flow\">\n<p class=\" has-text-align-right has-large-font-size eplus-wrapper\"><strong>Martin Kone\u010dn\u00fd<\/strong><\/p>\n\n\n\n<p class=\" has-text-align-right eplus-wrapper\"><em>Mechanical \u2013 Faculty of Mechanical Engineering<\/em><br>Designs updated shape adapters. 3nd-year student of Computer-Aided Manufacturing.<\/p>\n<\/div>\n\n\n\n<div class=\"wp-block-column eplus-wrapper is-layout-flow wp-block-column-is-layout-flow\">\n<figure class=\" wp-block-image size-large eplus-wrapper\"><img loading=\"lazy\" decoding=\"async\" width=\"576\" height=\"1024\" src=\"https:\/\/harts.website.tuke.sk\/wp-content\/uploads\/2025\/04\/mnam-576x1024.jpg\" alt=\"\" class=\"wp-image-68\" style=\"aspect-ratio:3\/4;object-fit:cover\" srcset=\"https:\/\/harts.website.tuke.sk\/wp-content\/uploads\/2025\/04\/mnam-576x1024.jpg 576w, https:\/\/harts.website.tuke.sk\/wp-content\/uploads\/2025\/04\/mnam-169x300.jpg 169w, https:\/\/harts.website.tuke.sk\/wp-content\/uploads\/2025\/04\/mnam-768x1365.jpg 768w, https:\/\/harts.website.tuke.sk\/wp-content\/uploads\/2025\/04\/mnam-864x1536.jpg 864w, https:\/\/harts.website.tuke.sk\/wp-content\/uploads\/2025\/04\/mnam-1152x2048.jpg 1152w, https:\/\/harts.website.tuke.sk\/wp-content\/uploads\/2025\/04\/mnam-scaled.jpg 1440w\" sizes=\"auto, (max-width: 576px) 100vw, 576px\" \/><\/figure>\n<\/div>\n<\/div><\/div>\n<\/div>\n\n<div class=\"wp-block-columns eplus-wrapper is-layout-flex wp-container-core-columns-is-layout-28f84493 wp-block-columns-is-layout-flex eplus-styles-uid-d8e8ca\">\n<div class=\"wp-block-column eplus-wrapper is-layout-flow wp-block-column-is-layout-flow\"><div class=\"wp-block-columns eplus-wrapper is-layout-flex wp-container-core-columns-is-layout-28f84493 wp-block-columns-is-layout-flex eplus-styles-uid-65fd3d\">\n<div class=\"wp-block-column eplus-wrapper is-layout-flow wp-block-column-is-layout-flow\">\n<p class=\" has-text-align-right has-large-font-size eplus-wrapper\"><strong>Patrik Z\u00e1drapa<\/strong><\/p>\n\n\n\n<p class=\" has-text-align-right eplus-wrapper\"><em>Electrical Lead \u2013 Faculty of Mechanical Engineering<\/em><br>Leads electronic system design and PCB development. 2st-year Prosthetics and Orthotics student.<\/p>\n<\/div>\n\n\n\n<div class=\"wp-block-column eplus-wrapper is-layout-flow wp-block-column-is-layout-flow\">\n<figure class=\" wp-block-image size-large eplus-wrapper\"><img loading=\"lazy\" decoding=\"async\" width=\"768\" height=\"1024\" src=\"https:\/\/harts.website.tuke.sk\/wp-content\/uploads\/2025\/04\/pato-768x1024.jpg\" alt=\"\" class=\"wp-image-78\" style=\"aspect-ratio:3\/4;object-fit:cover\" srcset=\"https:\/\/harts.website.tuke.sk\/wp-content\/uploads\/2025\/04\/pato-768x1024.jpg 768w, https:\/\/harts.website.tuke.sk\/wp-content\/uploads\/2025\/04\/pato-225x300.jpg 225w, https:\/\/harts.website.tuke.sk\/wp-content\/uploads\/2025\/04\/pato-1152x1536.jpg 1152w, https:\/\/harts.website.tuke.sk\/wp-content\/uploads\/2025\/04\/pato-1536x2048.jpg 1536w, https:\/\/harts.website.tuke.sk\/wp-content\/uploads\/2025\/04\/pato-scaled.jpg 1920w\" sizes=\"auto, (max-width: 768px) 100vw, 768px\" \/><\/figure>\n<\/div>\n<\/div><\/div>\n\n\n\n<div class=\"wp-block-column eplus-wrapper is-layout-flow wp-block-column-is-layout-flow\"><div class=\"wp-block-columns eplus-wrapper is-layout-flex wp-container-core-columns-is-layout-28f84493 wp-block-columns-is-layout-flex eplus-styles-uid-fb315e\">\n<div class=\"wp-block-column eplus-wrapper is-layout-flow wp-block-column-is-layout-flow\">\n<figure class=\" wp-block-image size-large eplus-wrapper\"><img loading=\"lazy\" decoding=\"async\" width=\"682\" height=\"1024\" src=\"https:\/\/harts.website.tuke.sk\/wp-content\/uploads\/2025\/04\/pavlo-682x1024.jpg\" alt=\"\" class=\"wp-image-69\" style=\"aspect-ratio:3\/4;object-fit:cover\" srcset=\"https:\/\/harts.website.tuke.sk\/wp-content\/uploads\/2025\/04\/pavlo-682x1024.jpg 682w, https:\/\/harts.website.tuke.sk\/wp-content\/uploads\/2025\/04\/pavlo-200x300.jpg 200w, https:\/\/harts.website.tuke.sk\/wp-content\/uploads\/2025\/04\/pavlo-768x1152.jpg 768w, https:\/\/harts.website.tuke.sk\/wp-content\/uploads\/2025\/04\/pavlo.jpg 853w\" sizes=\"auto, (max-width: 682px) 100vw, 682px\" \/><\/figure>\n<\/div>\n\n\n\n<div class=\"wp-block-column eplus-wrapper is-layout-flow wp-block-column-is-layout-flow\">\n<p class=\" has-large-font-size eplus-wrapper\"><strong>Pavlo Usatiuk<\/strong><\/p>\n\n\n\n<p class=\" eplus-wrapper\"><em>Electrical \u2013 Faculty of Electrical Engineering<\/em><br>Focuses on radio communication design and prototyping. 4rd-year Applied Electrotechnics student.<\/p>\n<\/div>\n<\/div><\/div>\n<\/div>\n\n<div class=\"wp-block-columns eplus-wrapper is-layout-flex wp-container-core-columns-is-layout-28f84493 wp-block-columns-is-layout-flex eplus-styles-uid-32bbf2\">\n<div class=\"wp-block-column eplus-wrapper is-layout-flow wp-block-column-is-layout-flow\"><div class=\"wp-block-columns eplus-wrapper is-layout-flex wp-container-core-columns-is-layout-28f84493 wp-block-columns-is-layout-flex eplus-styles-uid-410e7d\">\n<div class=\"wp-block-column eplus-wrapper is-layout-flow wp-block-column-is-layout-flow\">\n<figure class=\" wp-block-image size-large eplus-wrapper\"><img loading=\"lazy\" decoding=\"async\" width=\"768\" height=\"1024\" src=\"https:\/\/harts.website.tuke.sk\/wp-content\/uploads\/2025\/04\/andri-768x1024.jpg\" alt=\"\" class=\"wp-image-63\" style=\"aspect-ratio:3\/4;object-fit:cover\" srcset=\"https:\/\/harts.website.tuke.sk\/wp-content\/uploads\/2025\/04\/andri-768x1024.jpg 768w, https:\/\/harts.website.tuke.sk\/wp-content\/uploads\/2025\/04\/andri-225x300.jpg 225w, https:\/\/harts.website.tuke.sk\/wp-content\/uploads\/2025\/04\/andri-1152x1536.jpg 1152w, https:\/\/harts.website.tuke.sk\/wp-content\/uploads\/2025\/04\/andri-1536x2048.jpg 1536w, https:\/\/harts.website.tuke.sk\/wp-content\/uploads\/2025\/04\/andri-scaled.jpg 1920w\" sizes=\"auto, (max-width: 768px) 100vw, 768px\" \/><\/figure>\n<\/div>\n\n\n\n<div class=\"wp-block-column eplus-wrapper is-layout-flow wp-block-column-is-layout-flow\">\n<p class=\" has-large-font-size eplus-wrapper\"><strong>Anadrii Hrytchuk<\/strong><\/p>\n\n\n\n<p class=\" eplus-wrapper\"><em>Electrical \u2013 Faculty of Electrical Engineering<\/em><br>Specializes in RMU PCB design and testing. 4rd-year Applied Electrotechnics student.<\/p>\n<\/div>\n<\/div><\/div>\n\n\n\n<div class=\"wp-block-column eplus-wrapper is-layout-flow wp-block-column-is-layout-flow\"><div class=\"wp-block-columns eplus-wrapper is-layout-flex wp-container-core-columns-is-layout-28f84493 wp-block-columns-is-layout-flex eplus-styles-uid-50758a\">\n<div class=\"wp-block-column eplus-wrapper is-layout-flow wp-block-column-is-layout-flow\">\n<p class=\" has-text-align-right has-large-font-size eplus-wrapper\"><strong>Peter Gornyitzki<\/strong><\/p>\n\n\n\n<p class=\" has-text-align-right eplus-wrapper\"><em>Electrical \u2013 Faculty of Electrical Engineering<\/em><br>Works on thermal PCB design and prototyping. 3nd-year Electric Power Engineering student.<\/p>\n<\/div>\n\n\n\n<div class=\"wp-block-column eplus-wrapper is-layout-flow wp-block-column-is-layout-flow\">\n<figure class=\" wp-block-image size-large eplus-wrapper\"><img loading=\"lazy\" decoding=\"async\" width=\"1024\" height=\"683\" src=\"https:\/\/harts.website.tuke.sk\/wp-content\/uploads\/2025\/04\/peder-1024x683.jpg\" alt=\"\" class=\"wp-image-70\" style=\"aspect-ratio:3\/4;object-fit:cover\" srcset=\"https:\/\/harts.website.tuke.sk\/wp-content\/uploads\/2025\/04\/peder-1024x683.jpg 1024w, https:\/\/harts.website.tuke.sk\/wp-content\/uploads\/2025\/04\/peder-300x200.jpg 300w, https:\/\/harts.website.tuke.sk\/wp-content\/uploads\/2025\/04\/peder-768x512.jpg 768w, https:\/\/harts.website.tuke.sk\/wp-content\/uploads\/2025\/04\/peder-1536x1024.jpg 1536w, https:\/\/harts.website.tuke.sk\/wp-content\/uploads\/2025\/04\/peder-2048x1365.jpg 2048w\" sizes=\"auto, (max-width: 1024px) 100vw, 1024px\" \/><\/figure>\n<\/div>\n<\/div><\/div>\n<\/div>\n\n<div class=\"wp-block-columns eplus-wrapper is-layout-flex wp-container-core-columns-is-layout-28f84493 wp-block-columns-is-layout-flex eplus-styles-uid-875eea\">\n<div class=\"wp-block-column eplus-wrapper is-layout-flow wp-block-column-is-layout-flow\"><div class=\"wp-block-columns eplus-wrapper is-layout-flex wp-container-core-columns-is-layout-28f84493 wp-block-columns-is-layout-flex eplus-styles-uid-007556\">\n<div class=\"wp-block-column eplus-wrapper is-layout-flow wp-block-column-is-layout-flow\">\n<p class=\" has-text-align-right has-large-font-size eplus-wrapper\"><strong>Timotej Koj\u0161<\/strong><\/p>\n\n\n\n<p class=\" has-text-align-right eplus-wrapper\"><em>Electrical \u2013 Faculty of Aeronautics<\/em><br>Responsible for power PCB and component wiring. 4rd-year Aerospace Engineering student.<\/p>\n<\/div>\n\n\n\n<div class=\"wp-block-column eplus-wrapper is-layout-flow wp-block-column-is-layout-flow\">\n<figure class=\" wp-block-image size-large eplus-wrapper\"><img loading=\"lazy\" decoding=\"async\" width=\"768\" height=\"1024\" src=\"https:\/\/harts.website.tuke.sk\/wp-content\/uploads\/2025\/04\/timo-768x1024.jpg\" alt=\"\" class=\"wp-image-72\" style=\"aspect-ratio:3\/4;object-fit:cover\" srcset=\"https:\/\/harts.website.tuke.sk\/wp-content\/uploads\/2025\/04\/timo-768x1024.jpg 768w, https:\/\/harts.website.tuke.sk\/wp-content\/uploads\/2025\/04\/timo-225x300.jpg 225w, https:\/\/harts.website.tuke.sk\/wp-content\/uploads\/2025\/04\/timo-1152x1536.jpg 1152w, https:\/\/harts.website.tuke.sk\/wp-content\/uploads\/2025\/04\/timo.jpg 1200w\" sizes=\"auto, (max-width: 768px) 100vw, 768px\" \/><\/figure>\n<\/div>\n<\/div><\/div>\n\n\n\n<div class=\"wp-block-column eplus-wrapper is-layout-flow wp-block-column-is-layout-flow\"><div class=\"wp-block-columns eplus-wrapper is-layout-flex wp-container-core-columns-is-layout-28f84493 wp-block-columns-is-layout-flex eplus-styles-uid-fdfb8b\">\n<div class=\"wp-block-column eplus-wrapper is-layout-flow wp-block-column-is-layout-flow\">\n<figure class=\" wp-block-image size-large eplus-wrapper\"><img loading=\"lazy\" decoding=\"async\" width=\"768\" height=\"1024\" src=\"https:\/\/harts.website.tuke.sk\/wp-content\/uploads\/2025\/04\/jonas-1-768x1024.png\" alt=\"\" class=\"wp-image-84\" style=\"aspect-ratio:3\/4;object-fit:cover\" srcset=\"https:\/\/harts.website.tuke.sk\/wp-content\/uploads\/2025\/04\/jonas-1-768x1024.png 768w, https:\/\/harts.website.tuke.sk\/wp-content\/uploads\/2025\/04\/jonas-1-225x300.png 225w, https:\/\/harts.website.tuke.sk\/wp-content\/uploads\/2025\/04\/jonas-1-1152x1536.png 1152w, https:\/\/harts.website.tuke.sk\/wp-content\/uploads\/2025\/04\/jonas-1.png 1536w\" sizes=\"auto, (max-width: 768px) 100vw, 768px\" \/><\/figure>\n<\/div>\n\n\n\n<div class=\"wp-block-column eplus-wrapper is-layout-flow wp-block-column-is-layout-flow\">\n<p class=\" has-large-font-size eplus-wrapper\"><strong>Jon\u00e1\u0161 Sarva\u0161<\/strong><\/p>\n\n\n\n<p class=\" eplus-wrapper\"><em>Software \u2013 Faculty of Aeronautics<\/em><br>Handles software and communications, supports the electronics team. 4rd-year Aerospace Engineering student.<\/p>\n<\/div>\n<\/div><\/div>\n<\/div>\n\n<div class=\"wp-block-columns eplus-wrapper is-layout-flex wp-container-core-columns-is-layout-28f84493 wp-block-columns-is-layout-flex eplus-styles-uid-c37c37\">\n<div class=\"wp-block-column eplus-wrapper is-layout-flow wp-block-column-is-layout-flow\"><div class=\"wp-block-columns eplus-wrapper is-layout-flex wp-container-core-columns-is-layout-28f84493 wp-block-columns-is-layout-flex eplus-styles-uid-f0884f\">\n<div class=\"wp-block-column eplus-wrapper is-layout-flow wp-block-column-is-layout-flow\">\n<figure class=\" wp-block-image size-large eplus-wrapper\"><img loading=\"lazy\" decoding=\"async\" width=\"768\" height=\"1024\" src=\"https:\/\/harts.website.tuke.sk\/wp-content\/uploads\/2025\/04\/9k-768x1024.png\" alt=\"\" class=\"wp-image-62\" style=\"aspect-ratio:3\/4;object-fit:cover\" srcset=\"https:\/\/harts.website.tuke.sk\/wp-content\/uploads\/2025\/04\/9k-768x1024.png 768w, https:\/\/harts.website.tuke.sk\/wp-content\/uploads\/2025\/04\/9k-225x300.png 225w, https:\/\/harts.website.tuke.sk\/wp-content\/uploads\/2025\/04\/9k-1152x1536.png 1152w, https:\/\/harts.website.tuke.sk\/wp-content\/uploads\/2025\/04\/9k.png 1536w\" sizes=\"auto, (max-width: 768px) 100vw, 768px\" \/><\/figure>\n<\/div>\n\n\n\n<div class=\"wp-block-column eplus-wrapper is-layout-flow wp-block-column-is-layout-flow\">\n<p class=\" has-large-font-size eplus-wrapper\"><strong>Daniel Ko\u0148a<\/strong><\/p>\n\n\n\n<p class=\" eplus-wrapper\"><em>Thermal \u2013 Faculty of Mechanical Engineering<\/em><br>Conducts thermal simulations and protection analysis. 2st-year master\u2019s in Energy Machines and Devices.<\/p>\n<\/div>\n<\/div><\/div>\n\n\n\n<div class=\"wp-block-column eplus-wrapper is-layout-flow wp-block-column-is-layout-flow\"><div class=\"wp-block-columns eplus-wrapper is-layout-flex wp-container-core-columns-is-layout-28f84493 wp-block-columns-is-layout-flex eplus-styles-uid-1f69cf\">\n<div class=\"wp-block-column eplus-wrapper is-layout-flow wp-block-column-is-layout-flow\">\n<p class=\" eplus-wrapper\"><\/p>\n<\/div>\n\n\n\n<div class=\"wp-block-column eplus-wrapper is-layout-flow wp-block-column-is-layout-flow\"><\/div>\n<\/div><\/div>\n<\/div>","protected":false},"excerpt":{"rendered":"<p>The team Patrik Rychtar\u010d\u00edk Project Manager \u2013 Faculty of AeronauticsLeads the project, coordinates with REXUS\/BEXUS and Team FENRIR, handles thermal design, outreach, and sponsorships. 3rd-year Aerospace Engineering student. Luk\u00e1\u0161 Hud\u00e1\u010dek Outreach Lead \u2013 Faculty of AeronauticsSupports project management, leads outreach, manages sponsor and partner relations. 4rd-year Aerospace Engineering student. Emanuel Ungero Mechanical Lead \u2013 Faculty [&hellip;]<\/p>\n","protected":false},"author":1,"featured_media":0,"parent":0,"menu_order":0,"comment_status":"closed","ping_status":"closed","template":"","meta":{"editor_plus_copied_stylings":"{}","footnotes":""},"class_list":["post-20","page","type-page","status-publish","hentry"],"blocksy_meta":[],"_links":{"self":[{"href":"https:\/\/harts.website.tuke.sk\/index.php?rest_route=\/wp\/v2\/pages\/20","targetHints":{"allow":["GET"]}}],"collection":[{"href":"https:\/\/harts.website.tuke.sk\/index.php?rest_route=\/wp\/v2\/pages"}],"about":[{"href":"https:\/\/harts.website.tuke.sk\/index.php?rest_route=\/wp\/v2\/types\/page"}],"author":[{"embeddable":true,"href":"https:\/\/harts.website.tuke.sk\/index.php?rest_route=\/wp\/v2\/users\/1"}],"replies":[{"embeddable":true,"href":"https:\/\/harts.website.tuke.sk\/index.php?rest_route=%2Fwp%2Fv2%2Fcomments&post=20"}],"version-history":[{"count":18,"href":"https:\/\/harts.website.tuke.sk\/index.php?rest_route=\/wp\/v2\/pages\/20\/revisions"}],"predecessor-version":[{"id":479,"href":"https:\/\/harts.website.tuke.sk\/index.php?rest_route=\/wp\/v2\/pages\/20\/revisions\/479"}],"wp:attachment":[{"href":"https:\/\/harts.website.tuke.sk\/index.php?rest_route=%2Fwp%2Fv2%2Fmedia&parent=20"}],"curies":[{"name":"wp","href":"https:\/\/api.w.org\/{rel}","templated":true}]}}